{"id":120,"date":"2020-02-27T09:43:17","date_gmt":"2020-02-27T09:43:17","guid":{"rendered":"https:\/\/hechtkopie.at\/?page_id=120"},"modified":"2020-02-27T09:43:18","modified_gmt":"2020-02-27T09:43:18","slug":"coockies-abgelehnt","status":"publish","type":"page","link":"https:\/\/hechtkopie.at\/index.php\/coockies-abgelehnt\/","title":{"rendered":"Coockies abgelehnt"},"content":{"rendered":"<p>[et_pb_section fb_built=&#8220;1&#8243; _builder_version=&#8220;3.29.3&#8243; custom_margin=&#8220;||2%||false|false&#8220; fb_built=&#8220;1&#8243; _i=&#8220;0&#8243; _address=&#8220;0&#8243;][et_pb_row _builder_version=&#8220;3.25&#8243; background_size=&#8220;initial&#8220; background_position=&#8220;top_left&#8220; background_repeat=&#8220;repeat&#8220; _i=&#8220;0&#8243; _address=&#8220;0.0&#8243;][et_pb_column type=&#8220;4_4&#8243; _builder_version=&#8220;3.25&#8243; custom_padding=&#8220;|||&#8220; _i=&#8220;0&#8243; _address=&#8220;0.0.0&#8243; custom_padding__hover=&#8220;|||&#8220;][et_pb_text _builder_version=&#8220;3.29.3&#8243; background_size=&#8220;initial&#8220; background_position=&#8220;top_left&#8220; background_repeat=&#8220;repeat&#8220; _i=&#8220;0&#8243; _address=&#8220;0.0.0.0&#8243;]<\/p>\n<h1>Schade dass Sie unsere Webseite nicht nutzen wollen.<\/h1>\n<p>Alternativ erreichen Sie uns wie folgt:<\/p>\n<p><span class=\"LrzXr zdqRlf kno-fv\"><span data-dtype=\"d3ifr\" data-local-attribute=\"d3ph\">Tel.: <a href=\"tel:+43662842496\">0662 842496<\/a><\/span><\/span><\/p>\n<p>Mail: <a href=\"mailto:office@hechtkopie.at\">office@hechtkopie.at<\/a><\/p>\n<h1>\u00a0<\/h1>\n<h1 class=\"entry-title main_title\">Cookie-Richtlinien<\/h1>\n<p>Diese Seite verwendet sogenannte Cookies. Das sind kleine Textdateien, die\u00a0 auf Ihrem Computer gespeichert werden um die Nutzerfreundlichkeit unserer Website zu verbessern. Im allgemeinen werden in einem Cookie Benutzereinstellungen zwischengespeichert oder anonymisierte Trackinginformationen f\u00fcr Drittanbieter Anwendungen wie Google Analytics bereitgestellt. In der Regel verbessern Cookies Ihr Benutzerlebnis beim surfen. Sie k\u00f6nnen es jedoch vorziehen, Cookies auf dieser Website und auf anderen zu deaktivieren. Der effektivste Weg, dies zu tun, besteht darin, Cookies in Ihrem Browser zu deaktivieren. Wir empfehlen Ihnen, den Hilfebereich Ihres Browsers zu nutzen.<\/p>\n<p>[\/et_pb_text][\/et_pb_column][\/et_pb_row][\/et_pb_section]<\/p>\n","protected":false},"excerpt":{"rendered":"<p>Schade dass Sie unsere Webseite nicht nutzen wollen. Alternativ erreichen Sie uns wie folgt: Tel.: 0662 842496 Mail: office@hechtkopie.at \u00a0 Cookie-Richtlinien Diese Seite verwendet sogenannte Cookies. Das sind kleine Textdateien, die\u00a0 auf Ihrem Computer gespeichert werden um die Nutzerfreundlichkeit unserer Website zu verbessern. Im allgemeinen werden in einem Cookie Benutzereinstellungen zwischengespeichert oder anonymisierte Trackinginformationen f\u00fcr [&hellip;]<\/p>\n","protected":false},"author":1,"featured_media":0,"parent":0,"menu_order":0,"comment_status":"closed","ping_status":"closed","template":"","meta":{"_et_pb_use_builder":"on","_et_pb_old_content":"","_et_gb_content_width":"","footnotes":""},"class_list":["post-120","page","type-page","status-publish","hentry"],"yoast_head":"<!-- This site is optimized with the Yoast SEO plugin v27.5 - https:\/\/yoast.com\/product\/yoast-seo-wordpress\/ -->\n<title>Coockies abgelehnt - Kopier- und Plotservice HECHT<\/title>\n<meta name=\"robots\" content=\"index, follow, max-snippet:-1, max-image-preview:large, max-video-preview:-1\" \/>\n<link rel=\"canonical\" href=\"https:\/\/hechtkopie.at\/index.php\/coockies-abgelehnt\/\" \/>\n<meta property=\"og:locale\" content=\"de_DE\" \/>\n<meta property=\"og:type\" content=\"article\" \/>\n<meta property=\"og:title\" content=\"Coockies abgelehnt - Kopier- und Plotservice HECHT\" \/>\n<meta property=\"og:description\" content=\"Vorr\u00fcbergehende \u00d6ffnungszeitenSehr geehrte Kundin, sehr geehrter Kunde, Wir haben derzeit Montag-Donnerstag von 8-16 Uhr und Freitag von 8-12 Uhr ge\u00f6ffnet. Gerne stehen wir telefonisch unter 0662 \/ 84 24 96\u202c zur Verf\u00fcgung.Emails erreichen uns unter office@hechtkopie.at .Wenn Sie uns vor Ort besuchen m\u00f6chten, denken Sie bitte an den vorgeschriebenen Mund-Nasen-Schutz. Diese Ma\u00dfnahmen dienen Ihrem Schutz [&hellip;]\" \/>\n<meta property=\"og:url\" content=\"https:\/\/hechtkopie.at\/index.php\/coockies-abgelehnt\/\" \/>\n<meta property=\"og:site_name\" content=\"Kopier- und Plotservice HECHT\" \/>\n<meta property=\"article:modified_time\" content=\"2020-02-27T09:43:18+00:00\" \/>\n<meta name=\"twitter:card\" content=\"summary_large_image\" \/>\n<meta name=\"twitter:label1\" content=\"Gesch\u00e4tzte Lesezeit\" \/>\n\t<meta name=\"twitter:data1\" content=\"1 Minute\" \/>\n<script type=\"application\/ld+json\" class=\"yoast-schema-graph\">{\"@context\":\"https:\\\/\\\/schema.org\",\"@graph\":[{\"@type\":\"WebPage\",\"@id\":\"https:\\\/\\\/hechtkopie.at\\\/index.php\\\/coockies-abgelehnt\\\/\",\"url\":\"https:\\\/\\\/hechtkopie.at\\\/index.php\\\/coockies-abgelehnt\\\/\",\"name\":\"Coockies abgelehnt - Kopier- und Plotservice HECHT\",\"isPartOf\":{\"@id\":\"https:\\\/\\\/hechtkopie.at\\\/#website\"},\"datePublished\":\"2020-02-27T09:43:17+00:00\",\"dateModified\":\"2020-02-27T09:43:18+00:00\",\"breadcrumb\":{\"@id\":\"https:\\\/\\\/hechtkopie.at\\\/index.php\\\/coockies-abgelehnt\\\/#breadcrumb\"},\"inLanguage\":\"de-AT\",\"potentialAction\":[{\"@type\":\"ReadAction\",\"target\":[\"https:\\\/\\\/hechtkopie.at\\\/index.php\\\/coockies-abgelehnt\\\/\"]}]},{\"@type\":\"BreadcrumbList\",\"@id\":\"https:\\\/\\\/hechtkopie.at\\\/index.php\\\/coockies-abgelehnt\\\/#breadcrumb\",\"itemListElement\":[{\"@type\":\"ListItem\",\"position\":1,\"name\":\"Home\",\"item\":\"https:\\\/\\\/hechtkopie.at\\\/\"},{\"@type\":\"ListItem\",\"position\":2,\"name\":\"Coockies abgelehnt\"}]},{\"@type\":\"WebSite\",\"@id\":\"https:\\\/\\\/hechtkopie.at\\\/#website\",\"url\":\"https:\\\/\\\/hechtkopie.at\\\/\",\"name\":\"Kopier- und Plotservice HECHT\",\"description\":\"Wir bringen Ihre Kreativit\u00e4t zum Ausdruck\",\"publisher\":{\"@id\":\"https:\\\/\\\/hechtkopie.at\\\/#organization\"},\"potentialAction\":[{\"@type\":\"SearchAction\",\"target\":{\"@type\":\"EntryPoint\",\"urlTemplate\":\"https:\\\/\\\/hechtkopie.at\\\/?s={search_term_string}\"},\"query-input\":{\"@type\":\"PropertyValueSpecification\",\"valueRequired\":true,\"valueName\":\"search_term_string\"}}],\"inLanguage\":\"de-AT\"},{\"@type\":\"Organization\",\"@id\":\"https:\\\/\\\/hechtkopie.at\\\/#organization\",\"name\":\"Kopier- und Plotservice HECHT\",\"url\":\"https:\\\/\\\/hechtkopie.at\\\/\",\"logo\":{\"@type\":\"ImageObject\",\"inLanguage\":\"de-AT\",\"@id\":\"https:\\\/\\\/hechtkopie.at\\\/#\\\/schema\\\/logo\\\/image\\\/\",\"url\":\"https:\\\/\\\/hechtkopie.at\\\/wp-content\\\/uploads\\\/2020\\\/01\\\/Logo_Hecht_Plain.png\",\"contentUrl\":\"https:\\\/\\\/hechtkopie.at\\\/wp-content\\\/uploads\\\/2020\\\/01\\\/Logo_Hecht_Plain.png\",\"width\":148,\"height\":32,\"caption\":\"Kopier- und Plotservice HECHT\"},\"image\":{\"@id\":\"https:\\\/\\\/hechtkopie.at\\\/#\\\/schema\\\/logo\\\/image\\\/\"}}]}<\/script>\n<!-- \/ Yoast SEO plugin. -->","yoast_head_json":{"title":"Coockies abgelehnt - Kopier- und Plotservice HECHT","robots":{"index":"index","follow":"follow","max-snippet":"max-snippet:-1","max-image-preview":"max-image-preview:large","max-video-preview":"max-video-preview:-1"},"canonical":"https:\/\/hechtkopie.at\/index.php\/coockies-abgelehnt\/","og_locale":"de_DE","og_type":"article","og_title":"Coockies abgelehnt - Kopier- und Plotservice HECHT","og_description":"Vorr\u00fcbergehende \u00d6ffnungszeitenSehr geehrte Kundin, sehr geehrter Kunde, Wir haben derzeit Montag-Donnerstag von 8-16 Uhr und Freitag von 8-12 Uhr ge\u00f6ffnet. Gerne stehen wir telefonisch unter 0662 \/ 84 24 96\u202c zur Verf\u00fcgung.Emails erreichen uns unter office@hechtkopie.at .Wenn Sie uns vor Ort besuchen m\u00f6chten, denken Sie bitte an den vorgeschriebenen Mund-Nasen-Schutz. Diese Ma\u00dfnahmen dienen Ihrem Schutz [&hellip;]","og_url":"https:\/\/hechtkopie.at\/index.php\/coockies-abgelehnt\/","og_site_name":"Kopier- und Plotservice HECHT","article_modified_time":"2020-02-27T09:43:18+00:00","twitter_card":"summary_large_image","twitter_misc":{"Gesch\u00e4tzte Lesezeit":"1 Minute"},"schema":{"@context":"https:\/\/schema.org","@graph":[{"@type":"WebPage","@id":"https:\/\/hechtkopie.at\/index.php\/coockies-abgelehnt\/","url":"https:\/\/hechtkopie.at\/index.php\/coockies-abgelehnt\/","name":"Coockies abgelehnt - Kopier- und Plotservice HECHT","isPartOf":{"@id":"https:\/\/hechtkopie.at\/#website"},"datePublished":"2020-02-27T09:43:17+00:00","dateModified":"2020-02-27T09:43:18+00:00","breadcrumb":{"@id":"https:\/\/hechtkopie.at\/index.php\/coockies-abgelehnt\/#breadcrumb"},"inLanguage":"de-AT","potentialAction":[{"@type":"ReadAction","target":["https:\/\/hechtkopie.at\/index.php\/coockies-abgelehnt\/"]}]},{"@type":"BreadcrumbList","@id":"https:\/\/hechtkopie.at\/index.php\/coockies-abgelehnt\/#breadcrumb","itemListElement":[{"@type":"ListItem","position":1,"name":"Home","item":"https:\/\/hechtkopie.at\/"},{"@type":"ListItem","position":2,"name":"Coockies abgelehnt"}]},{"@type":"WebSite","@id":"https:\/\/hechtkopie.at\/#website","url":"https:\/\/hechtkopie.at\/","name":"Kopier- und Plotservice HECHT","description":"Wir bringen Ihre Kreativit\u00e4t zum Ausdruck","publisher":{"@id":"https:\/\/hechtkopie.at\/#organization"},"potentialAction":[{"@type":"SearchAction","target":{"@type":"EntryPoint","urlTemplate":"https:\/\/hechtkopie.at\/?s={search_term_string}"},"query-input":{"@type":"PropertyValueSpecification","valueRequired":true,"valueName":"search_term_string"}}],"inLanguage":"de-AT"},{"@type":"Organization","@id":"https:\/\/hechtkopie.at\/#organization","name":"Kopier- und Plotservice HECHT","url":"https:\/\/hechtkopie.at\/","logo":{"@type":"ImageObject","inLanguage":"de-AT","@id":"https:\/\/hechtkopie.at\/#\/schema\/logo\/image\/","url":"https:\/\/hechtkopie.at\/wp-content\/uploads\/2020\/01\/Logo_Hecht_Plain.png","contentUrl":"https:\/\/hechtkopie.at\/wp-content\/uploads\/2020\/01\/Logo_Hecht_Plain.png","width":148,"height":32,"caption":"Kopier- und Plotservice HECHT"},"image":{"@id":"https:\/\/hechtkopie.at\/#\/schema\/logo\/image\/"}}]}},"_links":{"self":[{"href":"https:\/\/hechtkopie.at\/index.php\/wp-json\/wp\/v2\/pages\/120","targetHints":{"allow":["GET"]}}],"collection":[{"href":"https:\/\/hechtkopie.at\/index.php\/wp-json\/wp\/v2\/pages"}],"about":[{"href":"https:\/\/hechtkopie.at\/index.php\/wp-json\/wp\/v2\/types\/page"}],"author":[{"embeddable":true,"href":"https:\/\/hechtkopie.at\/index.php\/wp-json\/wp\/v2\/users\/1"}],"replies":[{"embeddable":true,"href":"https:\/\/hechtkopie.at\/index.php\/wp-json\/wp\/v2\/comments?post=120"}],"version-history":[{"count":6,"href":"https:\/\/hechtkopie.at\/index.php\/wp-json\/wp\/v2\/pages\/120\/revisions"}],"predecessor-version":[{"id":127,"href":"https:\/\/hechtkopie.at\/index.php\/wp-json\/wp\/v2\/pages\/120\/revisions\/127"}],"wp:attachment":[{"href":"https:\/\/hechtkopie.at\/index.php\/wp-json\/wp\/v2\/media?parent=120"}],"curies":[{"name":"wp","href":"https:\/\/api.w.org\/{rel}","templated":true}]}}